{"id":3524,"date":"2022-02-09T16:39:00","date_gmt":"2022-02-09T16:39:00","guid":{"rendered":"https:\/\/ssp22.isunet.edu\/?page_id=3524"},"modified":"2022-06-27T12:26:09","modified_gmt":"2022-06-27T12:26:09","slug":"the-space-studies-ssp","status":"publish","type":"page","link":"https:\/\/ssp22.isunet.edu\/index.php\/the-space-studies-ssp\/","title":{"rendered":"The Space Studies (SSP)"},"content":{"rendered":"<p>[et_pb_section fb_built=&#8221;1&#8243; _builder_version=&#8221;4.13.1&#8243; _module_preset=&#8221;default&#8221; background_enable_color=&#8221;off&#8221; background_enable_image=&#8221;off&#8221; height=&#8221;100%&#8221; max_height=&#8221;100%&#8221; custom_margin=&#8221;-170px||||false|false&#8221; custom_padding=&#8221;||99px||false|false&#8221; da_disable_devices=&#8221;off|off|off&#8221; global_colors_info=&#8221;{}&#8221; da_is_popup=&#8221;off&#8221; da_exit_intent=&#8221;off&#8221; da_has_close=&#8221;on&#8221; da_alt_close=&#8221;off&#8221; da_dark_close=&#8221;off&#8221; da_not_modal=&#8221;on&#8221; da_is_singular=&#8221;off&#8221; da_with_loader=&#8221;off&#8221; da_has_shadow=&#8221;on&#8221;][et_pb_row column_structure=&#8221;2_5,3_5&#8243; _builder_version=&#8221;4.13.1&#8243; _module_preset=&#8221;default&#8221; z_index=&#8221;5&#8243; width=&#8221;100%&#8221; max_width=&#8221;90%&#8221; custom_margin=&#8221;284px|auto|2px|auto|false|false&#8221; custom_margin_tablet=&#8221;362px|auto|2px|auto|false|false&#8221; custom_margin_phone=&#8221;150px|auto|2px|auto|false|false&#8221; custom_margin_last_edited=&#8221;on|phone&#8221; custom_padding=&#8221;5px||5px|||&#8221; hover_enabled=&#8221;0&#8243; global_colors_info=&#8221;{}&#8221; sticky_enabled=&#8221;0&#8243;][et_pb_column type=&#8221;2_5&#8243; _builder_version=&#8221;4.13.1&#8243; _module_preset=&#8221;default&#8221; global_colors_info=&#8221;{}&#8221;][\/et_pb_column][et_pb_column type=&#8221;3_5&#8243; _builder_version=&#8221;4.13.1&#8243; _module_preset=&#8221;default&#8221; custom_padding=&#8221;|||50px|false|false&#8221; hover_enabled=&#8221;0&#8243; global_colors_info=&#8221;{}&#8221; custom_padding_last_edited=&#8221;on|phone&#8221; sticky_enabled=&#8221;0&#8243; custom_padding_phone=&#8221;|5px||5px|false|true&#8221; custom_padding_tablet=&#8221;|||50px|false|false&#8221;][et_pb_text _builder_version=&#8221;4.13.1&#8243; _module_preset=&#8221;default&#8221; header_font=&#8221;futura medium|||on|||||&#8221; header_text_color=&#8221;#FFFFFF&#8221; background_enable_color=&#8221;off&#8221; custom_margin=&#8221;||33px|||&#8221; link_option_url_new_window=&#8221;on&#8221; global_colors_info=&#8221;{}&#8221;]<\/p>\n<h1>The Space Studies Program (SSP)<\/h1>\n<p>[\/et_pb_text][et_pb_text _builder_version=&#8221;4.13.1&#8243; _module_preset=&#8221;default&#8221; text_font=&#8221;futura medium||||||||&#8221; text_text_color=&#8221;#FFFFFF&#8221; text_font_size=&#8221;20px&#8221; text_line_height=&#8221;1.5em&#8221; link_font=&#8221;futura medium||||on|||#FFFFFF|&#8221; link_text_color=&#8221;#ec6161&#8243; background_enable_color=&#8221;off&#8221; custom_margin=&#8221;-1px||3px|||&#8221; global_colors_info=&#8221;{}&#8221;]<\/p>\n<p class=\"paragraph tm8\"><span class=\"tm9\"><\/span><span class=\"tm10\">The Space Studies Program (SSP), a curriculum designed for young graduates, professionals starting or changing emphasis in their space careers or for persons working in space-related fields who wish to broaden their knowledge and understanding beyond their current discipline.<\/span><span class=\"tm10\">\u00a0<\/span><\/p>\n<p class=\"paragraph tm8\"><span class=\"tm9\"><\/span><span class=\"tm10\">The Space Studies Program (SSP), an intense two-month professional development course for postgraduate students and professionals of all disciplines, is a unique educational experience.<\/span><span class=\"tm10\">\u00a0<\/span><\/p>\n<p class=\"paragraph tm8\"><span class=\"tm9\"><\/span><span class=\"tm10\">The curriculum covers the principal space related fields, both non-technical and technical and ranges from policy and law, business and management and humanities to life sciences, engineering, physical sciences, and space applications. The shared experience of an international, interactive working environment is an ideal networking forum leading to the creation of an extensive, international, multidisciplinary professional network comprising the program\u2019s alumni, faculty members and visiting lecturers.<\/span><span class=\"tm10\">\u00a0<\/span><\/p>\n<p class=\"paragraph tm8\"><span class=\"tm9\"><\/span><span class=\"tm10\">Through the exchange of ideas and information, this network has been successful in advancing projects in such areas as disaster warning and mitigation systems, human health enhancement using space technologies, and has even significantly contributed to the creation of a national space agency.<\/span><span class=\"tm10\">\u00a0<\/span><\/p>\n<p class=\"paragraph tm8\"><span class=\"tm11\"><\/span><span class=\"tm10\">Each year the SSP is held in a different location across the globe. Moving to a new city and country adds an exciting dynamic as well as new resources and expertise to the program<\/span><span class=\"tm12\">.<\/span><span class=\"tm12\">\u00a0<\/span><\/p>\n<p class=\"Normal\">[\/et_pb_text][\/et_pb_column][\/et_pb_row][et_pb_row column_structure=&#8221;2_5,3_5&#8243; _builder_version=&#8221;4.13.1&#8243; _module_preset=&#8221;default&#8221; z_index=&#8221;5&#8243; width=&#8221;100%&#8221; max_width=&#8221;90%&#8221; custom_margin=&#8221;90px|auto|2px|auto|false|false&#8221; custom_margin_tablet=&#8221;362px|auto|2px|auto|false|false&#8221; custom_margin_phone=&#8221;100px|auto|2px|auto|false|false&#8221; custom_margin_last_edited=&#8221;on|phone&#8221; custom_padding=&#8221;5px||5px|||&#8221; hover_enabled=&#8221;0&#8243; global_colors_info=&#8221;{}&#8221; sticky_enabled=&#8221;0&#8243;][et_pb_column type=&#8221;2_5&#8243; _builder_version=&#8221;4.13.1&#8243; _module_preset=&#8221;default&#8221; global_colors_info=&#8221;{}&#8221;][\/et_pb_column][et_pb_column type=&#8221;3_5&#8243; _builder_version=&#8221;4.13.1&#8243; _module_preset=&#8221;default&#8221; custom_padding=&#8221;|||50px|false|false&#8221; hover_enabled=&#8221;0&#8243; global_colors_info=&#8221;{}&#8221; custom_padding_last_edited=&#8221;on|phone&#8221; custom_padding_phone=&#8221;|5px||5px|false|true&#8221; sticky_enabled=&#8221;0&#8243; custom_padding_tablet=&#8221;|||50px|false|false&#8221;][et_pb_text _builder_version=&#8221;4.13.1&#8243; _module_preset=&#8221;default&#8221; header_font=&#8221;futura medium|||on|||||&#8221; header_text_color=&#8221;#FFFFFF&#8221; background_enable_color=&#8221;off&#8221; custom_margin=&#8221;||33px|||&#8221; link_option_url_new_window=&#8221;on&#8221; global_colors_info=&#8221;{}&#8221;]<\/p>\n<h1>SSP22<\/h1>\n<p>[\/et_pb_text][et_pb_text _builder_version=&#8221;4.13.1&#8243; _module_preset=&#8221;default&#8221; text_font=&#8221;futura medium||||||||&#8221; text_text_color=&#8221;#FFFFFF&#8221; text_font_size=&#8221;20px&#8221; text_line_height=&#8221;1.5em&#8221; link_font=&#8221;futura medium||||on|||#FFFFFF|&#8221; link_text_color=&#8221;#ec6161&#8243; background_enable_color=&#8221;off&#8221; custom_margin=&#8221;-1px||3px|||&#8221; global_colors_info=&#8221;{}&#8221;]<\/p>\n<p class=\"Normal\"><span class=\"tm5\">SSP22 will have a hybrid format:\u00a0<\/span><\/p>\n<p class=\"Normal tm6\"><span class=\"tm5\">1. On-site (in residence program in Oeiras) from June 27 to August 26;\u00a0<\/span><\/p>\n<p class=\"Normal tm6\"><span class=\"tm5\">2. An online program from June 27 to August 5, 2022.\u00a0<\/span><\/p>\n<p class=\"paragraph tm8\"><span class=\"tm9\"><\/span>\n<div class=\"wpdt-c row wpDataTableContainerSimpleTable wpDataTables wpDataTablesWrapper\n\"\n    >\n        <table id=\"wpdtSimpleTable-1\"\n           class=\"wpdtSimpleTable wpDataTable\"\n           style=\"border-collapse:collapse;\n                   border-spacing:px;\"\n           data-column=\"2\"\n           data-rows=\"6\"\n           data-wpID=\"1\"\n           data-responsive=\"0\"\n           data-has-header=\"0\">\n\n                    <tbody>        <tr class=\"wpdt-cell-row \" >\n                            <td class=\"wpdt-cell wpdt-bc-2C2647 wpdt-tc-FFFFFF\"\n                                    data-cell-id=\"A1\"\n                data-col-index=\"0\"\n                data-row-index=\"0\"\n                style=\" width:50%;                padding:10px;\n                \"\n                >\n                                Application period                <\/td>\n                                            <td class=\"wpdt-cell wpdt-bc-2C2647 wpdt-tc-FFFFFF\"\n                                    data-cell-id=\"B1\"\n                data-col-index=\"1\"\n                data-row-index=\"0\"\n                style=\" width:50%;                padding:10px;\n                \"\n                >\n                                Available soon                <\/td>\n                                        <\/tr>\n                            <tr class=\"wpdt-cell-row \" >\n                            <td class=\"wpdt-cell wpdt-bc-2C2647 wpdt-tc-FFFFFF wpdt-fs-000020\"\n                                    data-cell-id=\"A2\"\n                data-col-index=\"0\"\n                data-row-index=\"1\"\n                style=\"                padding:10px;\n                \"\n                >\n                                Selection process                <\/td>\n                                            <td class=\"wpdt-cell wpdt-bc-2C2647 wpdt-tc-FFFFFF wpdt-fs-000020\"\n                                    data-cell-id=\"B2\"\n                data-col-index=\"1\"\n                data-row-index=\"1\"\n                style=\"                padding:10px;\n                \"\n                >\n                                Available soon                <\/td>\n                                        <\/tr>\n                            <tr class=\"wpdt-cell-row \" >\n                            <td class=\"wpdt-cell wpdt-fs-000020 wpdt-tc-FFFFFF wpdt-bc-2C2647\"\n                                    data-cell-id=\"A3\"\n                data-col-index=\"0\"\n                data-row-index=\"2\"\n                style=\"                padding:10px;\n                \"\n                >\n                                Registration                <\/td>\n                                            <td class=\"wpdt-cell wpdt-fs-000020 wpdt-tc-FFFFFF wpdt-bc-2C2647\"\n                                    data-cell-id=\"B3\"\n                data-col-index=\"1\"\n                data-row-index=\"2\"\n                style=\"                padding:10px;\n                \"\n                >\n                                Saturday, 25 June 2022                <\/td>\n                                        <\/tr>\n                            <tr class=\"wpdt-cell-row \" >\n                            <td class=\"wpdt-cell wpdt-fs-000020 wpdt-tc-FFFFFF wpdt-bc-2C2647\"\n                                    data-cell-id=\"A4\"\n                data-col-index=\"0\"\n                data-row-index=\"3\"\n                style=\"                padding:10px;\n                \"\n                >\n                                Opening Ceremony & Reception                <\/td>\n                                            <td class=\"wpdt-cell wpdt-fs-000020 wpdt-tc-FFFFFF wpdt-bc-2C2647\"\n                                    data-cell-id=\"B4\"\n                data-col-index=\"1\"\n                data-row-index=\"3\"\n                style=\"                padding:10px;\n                \"\n                >\n                                Monday, June 27                <\/td>\n                                        <\/tr>\n                            <tr class=\"wpdt-cell-row \" >\n                            <td class=\"wpdt-cell wpdt-fs-000020 wpdt-tc-FFFFFF wpdt-bc-2C2647\"\n                                    data-cell-id=\"A5\"\n                data-col-index=\"0\"\n                data-row-index=\"4\"\n                style=\"                padding:10px;\n                \"\n                >\n                                Closing Ceremony & Reception                <\/td>\n                                            <td class=\"wpdt-cell wpdt-fs-000020 wpdt-tc-FFFFFF wpdt-bc-2C2647\"\n                                    data-cell-id=\"B5\"\n                data-col-index=\"1\"\n                data-row-index=\"4\"\n                style=\"                padding:10px;\n                \"\n                >\n                                Friday, August 26                <\/td>\n                                        <\/tr>\n                            <tr class=\"wpdt-cell-row \" >\n                            <td class=\"wpdt-cell wpdt-fs-000020 wpdt-tc-FFFFFF wpdt-bc-2C2647\"\n                                    data-cell-id=\"A6\"\n                data-col-index=\"0\"\n                data-row-index=\"5\"\n                style=\"                padding:10px;\n                \"\n                >\n                                Mandatory Participant Departure Day                <\/td>\n                                            <td class=\"wpdt-cell wpdt-bc-2C2647 wpdt-fs-000020 wpdt-tc-FFFFFF\"\n                                    data-cell-id=\"B6\"\n                data-col-index=\"1\"\n                data-row-index=\"5\"\n                style=\"                padding:10px;\n                \"\n                >\n                                Saturday, August 27                <\/td>\n                                        <\/tr>\n                    <\/table>\n<\/div><style id='wpdt-custom-style-1'>\n.wpdt-bc-2C2647 { background-color: #2C2647 !important;}\n.wpdt-tc-FFFFFF { color: #FFFFFF !important;}\n.wpdt-fs-000020 { font-size: 20px !important;}\n<\/style>\n<\/p>\n<p class=\"Normal\">[\/et_pb_text][\/et_pb_column][\/et_pb_row][et_pb_row column_structure=&#8221;2_5,3_5&#8243; _builder_version=&#8221;4.13.1&#8243; _module_preset=&#8221;default&#8221; z_index=&#8221;5&#8243; width=&#8221;100%&#8221; max_width=&#8221;90%&#8221; custom_margin=&#8221;70px|auto|2px|auto|false|false&#8221; custom_margin_tablet=&#8221;362px|auto|2px|auto|false|false&#8221; custom_margin_phone=&#8221;100px|auto|2px|auto|false|false&#8221; custom_margin_last_edited=&#8221;on|phone&#8221; custom_padding=&#8221;5px||5px|||&#8221; hover_enabled=&#8221;0&#8243; global_colors_info=&#8221;{}&#8221; sticky_enabled=&#8221;0&#8243;][et_pb_column type=&#8221;2_5&#8243; _builder_version=&#8221;4.13.1&#8243; _module_preset=&#8221;default&#8221; global_colors_info=&#8221;{}&#8221;][\/et_pb_column][et_pb_column type=&#8221;3_5&#8243; _builder_version=&#8221;4.13.1&#8243; _module_preset=&#8221;default&#8221; custom_padding=&#8221;|||50px|false|false&#8221; hover_enabled=&#8221;0&#8243; global_colors_info=&#8221;{}&#8221; custom_padding_last_edited=&#8221;on|phone&#8221; custom_padding_phone=&#8221;|5px||5px|false|true&#8221; sticky_enabled=&#8221;0&#8243; custom_padding_tablet=&#8221;|||50px|false|false&#8221;][et_pb_text _builder_version=&#8221;4.13.1&#8243; _module_preset=&#8221;default&#8221; header_font=&#8221;futura medium|||on|||||&#8221; header_text_color=&#8221;#FFFFFF&#8221; background_enable_color=&#8221;off&#8221; custom_margin=&#8221;||50px|||&#8221; link_option_url_new_window=&#8221;on&#8221; global_colors_info=&#8221;{}&#8221;]<\/p>\n<h1>The SSP22 host institutions<\/h1>\n<p>[\/et_pb_text][et_pb_text _builder_version=&#8221;4.13.1&#8243; _module_preset=&#8221;default&#8221; header_font=&#8221;futura medium||||||||&#8221; header_text_color=&#8221;#FFFFFF&#8221; background_enable_color=&#8221;off&#8221; custom_margin=&#8221;||33px|||&#8221; link_option_url_new_window=&#8221;on&#8221; global_colors_info=&#8221;{}&#8221;]<\/p>\n<h1>Portugal Space<\/h1>\n<p>[\/et_pb_text][et_pb_text _builder_version=&#8221;4.13.1&#8243; _module_preset=&#8221;default&#8221; text_font=&#8221;futura medium||||||||&#8221; text_text_color=&#8221;#FFFFFF&#8221; text_font_size=&#8221;20px&#8221; text_line_height=&#8221;1.5em&#8221; link_font=&#8221;futura medium||||on|||#FFFFFF|&#8221; link_text_color=&#8221;#ec6161&#8243; background_enable_color=&#8221;off&#8221; custom_margin=&#8221;-1px||3px|||&#8221; global_colors_info=&#8221;{}&#8221;]<\/p>\n<p class=\"paragraph tm8\"><span class=\"tm10\">The Portuguese Space Agency \u2013 Portugal Space is an organization created by the Portuguese government to implement the National Strategy for Space (<\/span><em><span class=\"tm11\">Portugal Space 2030<\/span><\/em><span class=\"tm10\">). The Agency\u2019s primary purpose is to promote and strengthen Space in Portugal, its ecosystem and value chain, for the benefit of society and economy in the country and worldwide, acting as a business and development unit for research entities and companies.<\/span><span class=\"tm10\">\u00a0<\/span><\/p>\n<p class=\"paragraph tm8\"><span class=\"tm10\">Portugal Space coordinates the Portuguese participation in several international organizations such the European Space Agency (ESA) and advises the Portuguese government on the contributions and subscriptions made to ESA.\u00a0<\/span><span class=\"tm10\">\u00a0<\/span><\/p>\n<p class=\"paragraph tm8\">Portugal Space also coordinates the Portuguese participation in European Southern Observatory (ESO), in the European Solar Telescope (EST) and in the recent SKAO (Square Kilometer Array Organization) as a founder member. Portugal Space is also the national representative for Portugal to the European Commission for matters related to Space, namely the European Union Space Program (Copernicus, Galileo, GOVSATCOM, SSA) and Horizon Europe having a seat in the Board of the EUSPA.<\/p>\n<p>[\/et_pb_text][et_pb_text _builder_version=&#8221;4.13.1&#8243; _module_preset=&#8221;default&#8221; header_font=&#8221;futura medium||||||||&#8221; header_text_color=&#8221;#FFFFFF&#8221; background_enable_color=&#8221;off&#8221; custom_margin=&#8221;50px||||false|false&#8221; link_option_url_new_window=&#8221;on&#8221; global_colors_info=&#8221;{}&#8221;]<\/p>\n<h1>Instituto Superior T\u00e9cnico (T\u00e9cnico)<\/h1>\n<p>[\/et_pb_text][et_pb_text _builder_version=&#8221;4.13.1&#8243; _module_preset=&#8221;default&#8221; text_font=&#8221;futura medium||||||||&#8221; text_text_color=&#8221;#FFFFFF&#8221; text_font_size=&#8221;20px&#8221; text_line_height=&#8221;1.5em&#8221; link_font=&#8221;futura medium||||on|||#FFFFFF|&#8221; link_text_color=&#8221;#ec6161&#8243; background_enable_color=&#8221;off&#8221; custom_margin=&#8221;-1px||3px|||&#8221; global_colors_info=&#8221;{}&#8221;]<\/p>\n<p class=\"paragraph tm8\"><span class=\"tm9\"><\/span><span class=\"tm10\">T\u00e9cnico is a premium engineering, science, and technology school created in 1911, part of the Universidade de Lisboa, integrating competences from all fields of engineering and fundamental sciences. T\u00e9cnico offers Bachelor, Master, and PhD programmes, lifelong training and carries out Research, Development, and Innovation activities, which are essential to ensure an education based on top of international standards.<\/span><span class=\"tm10\">\u00a0<\/span><\/p>\n<p class=\"paragraph tm8\"><span class=\"tm9\"><\/span><span class=\"tm10\">T\u00e9cnico consists of three campi, three student residences, and 10 Departments. T\u00e9cnico is home to more than 11.500 full-year equivalent graduate and post graduate students and approximately 1.500 full time equivalent teaching and non-teaching staff. Research at T\u00e9cnico is organized in 20 Centres and Institutes and eight Associate Laboratories that address multidisciplinary research in an international and multicultural atmosphere.<\/span><span class=\"tm10\">\u00a0<\/span><\/p>\n<p class=\"paragraph tm8\"><span class=\"tm9\"><\/span><span class=\"tm10\">T\u00e9cnico is a member of the CLUSTER Network of leading universities of science and technology in Europe. T\u00e9cnico offers dual doctoral degrees with MIT, Carnegie-Mellon University, Univ. Texas at Austin, and EPFL (Ecole Polytechnique F\u00e9d\u00e9rale de Lausanne). The Aerospace Engineering and the Engineering Physics integrated Masters degrees, offered by T\u00e9cnico, are top nationally ranked courses since they currently attract students with the highest national admission grades.<\/span><\/p>\n<p>[\/et_pb_text][\/et_pb_column][\/et_pb_row][et_pb_row _builder_version=&#8221;4.13.1&#8243; _module_preset=&#8221;default&#8221; background_image=&#8221;https:\/\/ssp22.isunet.edu\/wp-content\/uploads\/2022\/01\/BG.svg&#8221; positioning=&#8221;absolute&#8221; position_origin_a=&#8221;top_center&#8221; vertical_offset=&#8221;0px&#8221; width=&#8221;100%&#8221; max_width=&#8221;100%&#8221; height=&#8221;100%&#8221; global_colors_info=&#8221;{}&#8221;][et_pb_column type=&#8221;4_4&#8243; _builder_version=&#8221;4.13.1&#8243; _module_preset=&#8221;default&#8221; global_colors_info=&#8221;{}&#8221;][\/et_pb_column][\/et_pb_row][et_pb_row module_class=&#8221;animated wobbleVertical duration20 infinite  eds-on-scroll &#8221; _builder_version=&#8221;4.13.1&#8243; _module_preset=&#8221;default&#8221; background_image=&#8221;https:\/\/ssp22.isunet.edu\/wp-content\/uploads\/2022\/01\/Plano_2.svg&#8221; parallax=&#8221;on&#8221; parallax_method=&#8221;off&#8221; positioning=&#8221;absolute&#8221; vertical_offset=&#8221;0px&#8221; z_index=&#8221;3&#8243; width=&#8221;100%&#8221; max_width=&#8221;100%&#8221; height=&#8221;100%&#8221; animation_direction=&#8221;right&#8221; global_colors_info=&#8221;{}&#8221;][et_pb_column type=&#8221;4_4&#8243; _builder_version=&#8221;4.13.1&#8243; _module_preset=&#8221;default&#8221; scroll_vertical_motion_enable=&#8221;on&#8221; scroll_vertical_motion=&#8221;0|0|51|100|4|7.5|-4&#8243; global_colors_info=&#8221;{}&#8221;][\/et_pb_column][\/et_pb_row][et_pb_row module_class=&#8221; animated wobbleVertical duration10 infinite  eds-on-scroll &#8221; _builder_version=&#8221;4.13.1&#8243; _module_preset=&#8221;default&#8221; background_image=&#8221;https:\/\/ssp22.isunet.edu\/wp-content\/uploads\/2022\/01\/Plano_1-1.svg&#8221; parallax=&#8221;on&#8221; parallax_method=&#8221;off&#8221; positioning=&#8221;absolute&#8221; vertical_offset=&#8221;0px&#8221; z_index=&#8221;4&#8243; width=&#8221;100%&#8221; max_width=&#8221;100%&#8221; height=&#8221;100%&#8221; animation_direction=&#8221;left&#8221; scroll_vertical_motion=&#8221;0|35|35|100|4|0|-4&#8243; scroll_horizontal_motion=&#8221;0|50|50|100|1|0|-1&#8243; global_colors_info=&#8221;{}&#8221;][et_pb_column type=&#8221;4_4&#8243; _builder_version=&#8221;4.13.1&#8243; _module_preset=&#8221;default&#8221; global_colors_info=&#8221;{}&#8221;][\/et_pb_column][\/et_pb_row][et_pb_row module_class=&#8221;animated wobbleVertical duration20 infinite  eds-on-scroll &#8221; _builder_version=&#8221;4.13.1&#8243; _module_preset=&#8221;default&#8221; background_image=&#8221;https:\/\/ssp22.isunet.edu\/wp-content\/uploads\/2022\/01\/Plano_3.svg&#8221; parallax=&#8221;on&#8221; parallax_method=&#8221;off&#8221; positioning=&#8221;absolute&#8221; vertical_offset=&#8221;0px&#8221; horizontal_offset=&#8221;-74px&#8221; z_index=&#8221;2&#8243; width=&#8221;100%&#8221; max_width=&#8221;100%&#8221; height=&#8221;100%&#8221; scroll_vertical_motion=&#8221;0|60|60|100|0|6|0&#8243; scroll_horizontal_motion=&#8221;0|0|0|100|4|0|-4&#8243; motion_trigger_start=&#8221;top&#8221; global_colors_info=&#8221;{}&#8221;][et_pb_column type=&#8221;4_4&#8243; _builder_version=&#8221;4.13.1&#8243; _module_preset=&#8221;default&#8221; global_colors_info=&#8221;{}&#8221;][\/et_pb_column][\/et_pb_row][\/et_pb_section]<\/p>\n","protected":false},"excerpt":{"rendered":"<p>The Space Studies Program (SSP)The Space Studies Program (SSP), a curriculum designed for young graduates, professionals starting or changing emphasis in their space careers or for persons working in space-related fields who wish to broaden their knowledge and understanding beyond their current discipline.\u00a0 The Space Studies Program (SSP), an intense two-month professional development course for [&hellip;]<\/p>\n","protected":false},"author":1,"featured_media":0,"parent":0,"menu_order":0,"comment_status":"closed","ping_status":"closed","template":"","meta":{"_et_pb_use_builder":"on","_et_pb_old_content":"","_et_gb_content_width":""},"_links":{"self":[{"href":"https:\/\/ssp22.isunet.edu\/index.php\/wp-json\/wp\/v2\/pages\/3524"}],"collection":[{"href":"https:\/\/ssp22.isunet.edu\/index.php\/wp-json\/wp\/v2\/pages"}],"about":[{"href":"https:\/\/ssp22.isunet.edu\/index.php\/wp-json\/wp\/v2\/types\/page"}],"author":[{"embeddable":true,"href":"https:\/\/ssp22.isunet.edu\/index.php\/wp-json\/wp\/v2\/users\/1"}],"replies":[{"embeddable":true,"href":"https:\/\/ssp22.isunet.edu\/index.php\/wp-json\/wp\/v2\/comments?post=3524"}],"version-history":[{"count":15,"href":"https:\/\/ssp22.isunet.edu\/index.php\/wp-json\/wp\/v2\/pages\/3524\/revisions"}],"predecessor-version":[{"id":3955,"href":"https:\/\/ssp22.isunet.edu\/index.php\/wp-json\/wp\/v2\/pages\/3524\/revisions\/3955"}],"wp:attachment":[{"href":"https:\/\/ssp22.isunet.edu\/index.php\/wp-json\/wp\/v2\/media?parent=3524"}],"curies":[{"name":"wp","href":"https:\/\/api.w.org\/{rel}","templated":true}]}}